{"id":993,"date":"2020-04-10T16:31:12","date_gmt":"2020-04-10T16:31:12","guid":{"rendered":"https:\/\/areyoucovidmune.com\/covidmune\/?page_id=993"},"modified":"2020-04-10T16:34:24","modified_gmt":"2020-04-10T16:34:24","slug":"nlrp3-and-sars-corona","status":"publish","type":"page","link":"https:\/\/areyoucovidmune.com\/covidmune\/nlrp3-and-sars-corona\/","title":{"rendered":"NLRP3 and SARS\/Corona"},"content":{"rendered":"<p>[et_pb_section fb_built=&#8221;1&#8243; fullwidth=&#8221;on&#8221; _builder_version=&#8221;3.19.3&#8243; background_image=&#8221;https:\/\/areyoucovidmune.com\/covidmune\/wp-content\/uploads\/2019\/11\/shutterstock_112250879.jpg&#8221; custom_padding=&#8221;0px|0px|0|0px|false|false&#8221;][et_pb_fullwidth_header title=&#8221;Are You CovidMune?&#x2122;&#8221; text_orientation=&#8221;center&#8221; _builder_version=&#8221;3.19.3&#8243; title_level=&#8221;h2&#8243; title_font=&#8221;|800|||on|||#e02b20|&#8221; title_text_color=&#8221;#ffffff&#8221; content_font=&#8221;|700|||||||&#8221; content_text_color=&#8221;#000000&#8243; subhead_font=&#8221;||||on|||#e02b20|&#8221; subhead_text_color=&#8221;#ffffff&#8221; subhead_font_size=&#8221;30px&#8221; background_image=&#8221;https:\/\/areyoucovidmune.com\/covidmune\/wp-content\/uploads\/2020\/04\/covid-19-dna.jpg&#8221; custom_button_one=&#8221;on&#8221; button_one_text_color=&#8221;#ffffff&#8221; button_one_border_color=&#8221;#e02b20&#8243; button_one_font=&#8221;|600|||||||&#8221; box_shadow_style_button_one=&#8221;preset2&#8243;][\/et_pb_fullwidth_header][\/et_pb_section][et_pb_section fb_built=&#8221;1&#8243; _builder_version=&#8221;3.19.3&#8243; custom_padding=&#8221;7px|0px|0|0px|false|false&#8221;][et_pb_row _builder_version=&#8221;3.19.3&#8243;][et_pb_column type=&#8221;4_4&#8243; _builder_version=&#8221;3.19.3&#8243; parallax=&#8221;off&#8221; parallax_method=&#8221;on&#8221;][et_pb_text _builder_version=&#8221;3.19.3&#8243;]<\/p>\n<h4 class=\"details\" align=\"center\"><b><u><span>NLRP3 and SARS\/Corona\u00a0<o:p><\/o:p><\/span><\/u><\/b><\/h4>\n<p><a href=\"https:\/\/www.ncbi.nlm.nih.gov\/pubmed\/31231549\">SARS-<strong>Coronavirus<\/strong>\u00a0Open Reading Frame-8b triggers intracellular stress pathways and activates\u00a0<strong>NLRP3<\/strong>\u00a0inflammasomes.<br \/><\/a>Shi CS, Nabar NR, Huang NN, Kehrl JH.<br \/>Cell Death Discov. 2019 Jun 5;5:101. doi: 10.1038\/s41420-019-0181-7. eCollection 2019.<\/p>\n<p><a href=\"https:\/\/www.ncbi.nlm.nih.gov\/pubmed\/31034780\">Severe acute respiratory syndrome\u00a0<strong>coronavirus<\/strong>\u00a0ORF3a protein activates the\u00a0<strong>NLRP3<\/strong>\u00a0inflammasome by promoting TRAF3-dependent ubiquitination of ASC.<br \/><\/a>Siu KL, Yuen KS, Casta\u00f1o-Rodriguez C, Ye ZW, Yeung ML, Fung SY, Yuan S, Chan CP, Yuen KY, Enjuanes L, Jin DY.<br \/>FASEB J. 2019 Aug;33(8):8865-8877. doi: 10.1096\/fj.201802418R. Epub 2019 Apr 29.<\/p>\n<p><a href=\"https:\/\/www.ncbi.nlm.nih.gov\/pubmed\/30804542\">Dampened\u00a0<strong>NLRP3<\/strong>-mediated inflammation in bats and implications for a special viral reservoir host.<br \/><\/a>Ahn M, Anderson DE, Zhang Q, Tan CW, Lim BL, Luko K, Wen M, Chia WN, Mani S, Wang LC, Ng JHJ, Sobota RM, Dutertre CA, Ginhoux F, Shi ZL, Irving AT, Wang LF.<br \/>Nat Microbiol. 2019 May;4(5):789-799. doi: 10.1038\/s41564-019-0371-3. Epub 2019 Feb 25.<\/p>\n<p><a href=\"https:\/\/www.ncbi.nlm.nih.gov\/pubmed\/30761102\">Severe Acute Respiratory Syndrome\u00a0<strong>Coronavirus<\/strong>\u00a0Viroporin 3a Activates the\u00a0<strong>NLRP3<\/strong>\u00a0Inflammasome.<br \/><\/a>Chen IY, Moriyama M, Chang MF, Ichinohe T.<br \/>Front Microbiol. 2019 Jan 29;10:50. doi: 10.3389\/fmicb.2019.00050. eCollection 2019.<\/p>\n<p><a href=\"https:\/\/www.ncbi.nlm.nih.gov\/pubmed\/30185776\">SARS-<strong>Coronavirus<\/strong>\u00a0Open Reading Frame-3a drives multimodal necrotic cell death.<br \/><\/a>Yue Y, Nabar NR, Shi CS, Kamenyeva O, Xiao X, Hwang IY, Wang M, Kehrl JH.<br \/>Cell Death Dis. 2018 Sep 5;9(9):904. doi: 10.1038\/s41419-018-0917-y.<\/p>\n<p><a href=\"https:\/\/www.ncbi.nlm.nih.gov\/pubmed\/26367131\">The\u00a0<strong>NLRP3<\/strong>\u00a0Inflammasome and IL-1\u03b2 Accelerate Immunologically Mediated Pathology in Experimental Viral Fulminant Hepatitis.<br \/><\/a>Guo S, Yang C, Diao B, Huang X, Jin M, Chen L, Yan W, Ning Q, Zheng L, Wu Y, Chen Y.<br \/>PLoS Pathog. 2015 Sep 14;11(9):e1005155. doi: 10.1371\/journal.ppat.1005155. eCollection 2015 Sep. Erratum in:\u00a0<a href=\"https:\/\/www.ncbi.nlm.nih.gov\/pubmed\/26451597\">PLoS Pathog. 2015 Oct;11(10):e1005216<\/a>.\u00a0\u00a0<a href=\"https:\/\/www.ncbi.nlm.nih.gov\/pubmed\/26928711\">PLoS Pathog. 2016 Feb;12(2):e1005406<\/a>.\u00a0<\/p>\n<p><a href=\"https:\/\/www.ncbi.nlm.nih.gov\/pubmed\/26331680\">Severe acute respiratory syndrome\u00a0<strong>coronavirus<\/strong>\u00a0E protein transports calcium ions and activates the\u00a0<strong>NLRP3<\/strong>\u00a0inflammasome.<br \/><\/a>Nieto-Torres JL, Verdi\u00e1-B\u00e1guena C, Jimenez-Guarde\u00f1o JM, Regla-Nava JA, Casta\u00f1o-Rodriguez C, Fernandez-Delgado R, Torres J, Aguilella VM, Enjuanes L.<br \/>Virology. 2015 Nov;485:330-9. doi: 10.1016\/j.virol.2015.08.010. Epub 2015 Aug 29.<\/p>\n<p><a href=\"https:\/\/www.ncbi.nlm.nih.gov\/pubmed\/21604970\">Uric acid and HMGB1 are involved in the induction of autoantibodies elicited in mice infected with mouse hepatitis virus A59.<br \/><\/a>Duhalde-Vega M, Retegui LA.<br \/>Autoimmunity. 2011 Dec;44(8):631-40. doi: 10.3109\/08916934.2011.579927. Epub 2011 May 23.<\/p>\n<p class=\"Title1\"><span><a href=\"https:\/\/www.ncbi.nlm.nih.gov\/pubmed\/31882076\"><\/a><\/span><\/p>\n<p>[\/et_pb_text][\/et_pb_column][\/et_pb_row][\/et_pb_section]<\/p>\n","protected":false},"excerpt":{"rendered":"<p>[et_pb_section fb_built=&#8221;1&#8243; fullwidth=&#8221;on&#8221; _builder_version=&#8221;3.19.3&#8243; background_image=&#8221;https:\/\/areyoucovidmune.com\/covidmune\/wp-content\/uploads\/2019\/11\/shutterstock_112250879.jpg&#8221; custom_padding=&#8221;0px|0px|0|0px|false|false&#8221;][et_pb_fullwidth_header title=&#8221;Are You CovidMune?&#x2122;&#8221; text_orientation=&#8221;center&#8221; _builder_version=&#8221;3.19.3&#8243; title_level=&#8221;h2&#8243; title_font=&#8221;|800|||on|||#e02b20|&#8221; title_text_color=&#8221;#ffffff&#8221; content_font=&#8221;|700|||||||&#8221; content_text_color=&#8221;#000000&#8243; subhead_font=&#8221;||||on|||#e02b20|&#8221; subhead_text_color=&#8221;#ffffff&#8221; subhead_font_size=&#8221;30px&#8221; background_image=&#8221;https:\/\/areyoucovidmune.com\/covidmune\/wp-content\/uploads\/2020\/04\/covid-19-dna.jpg&#8221; custom_button_one=&#8221;on&#8221; button_one_text_color=&#8221;#ffffff&#8221; button_one_border_color=&#8221;#e02b20&#8243; button_one_font=&#8221;|600|||||||&#8221; box_shadow_style_button_one=&#8221;preset2&#8243;][\/et_pb_fullwidth_header][\/et_pb_section][et_pb_section fb_built=&#8221;1&#8243; _builder_version=&#8221;3.19.3&#8243; custom_padding=&#8221;7px|0px|0|0px|false|false&#8221;][et_pb_row _builder_version=&#8221;3.19.3&#8243;][et_pb_column type=&#8221;4_4&#8243; _builder_version=&#8221;3.19.3&#8243; parallax=&#8221;off&#8221; parallax_method=&#8221;on&#8221;][et_pb_text _builder_version=&#8221;3.19.3&#8243;] NLRP3 and SARS\/Corona\u00a0 SARS-Coronavirus\u00a0Open Reading Frame-8b triggers intracellular stress pathways and activates\u00a0NLRP3\u00a0inflammasomes.Shi CS, Nabar NR, Huang NN, Kehrl JH.Cell Death Discov. [&hellip;]<\/p>\n","protected":false},"author":1,"featured_media":0,"parent":0,"menu_order":0,"comment_status":"closed","ping_status":"closed","template":"","meta":{"_et_pb_use_builder":"on","_et_pb_old_content":""},"_links":{"self":[{"href":"https:\/\/areyoucovidmune.com\/covidmune\/wp-json\/wp\/v2\/pages\/993"}],"collection":[{"href":"https:\/\/areyoucovidmune.com\/covidmune\/wp-json\/wp\/v2\/pages"}],"about":[{"href":"https:\/\/areyoucovidmune.com\/covidmune\/wp-json\/wp\/v2\/types\/page"}],"author":[{"embeddable":true,"href":"https:\/\/areyoucovidmune.com\/covidmune\/wp-json\/wp\/v2\/users\/1"}],"replies":[{"embeddable":true,"href":"https:\/\/areyoucovidmune.com\/covidmune\/wp-json\/wp\/v2\/comments?post=993"}],"version-history":[{"count":3,"href":"https:\/\/areyoucovidmune.com\/covidmune\/wp-json\/wp\/v2\/pages\/993\/revisions"}],"predecessor-version":[{"id":997,"href":"https:\/\/areyoucovidmune.com\/covidmune\/wp-json\/wp\/v2\/pages\/993\/revisions\/997"}],"wp:attachment":[{"href":"https:\/\/areyoucovidmune.com\/covidmune\/wp-json\/wp\/v2\/media?parent=993"}],"curies":[{"name":"wp","href":"https:\/\/api.w.org\/{rel}","templated":true}]}}