{"id":1060,"date":"2020-04-11T22:57:50","date_gmt":"2020-04-11T22:57:50","guid":{"rendered":"https:\/\/areyoucovidmune.com\/covidmune\/?page_id=1060"},"modified":"2020-04-11T23:03:23","modified_gmt":"2020-04-11T23:03:23","slug":"chloroquine-and-nlrp3","status":"publish","type":"page","link":"https:\/\/areyoucovidmune.com\/covidmune\/chloroquine-and-nlrp3\/","title":{"rendered":"Chloroquine and NLRP3"},"content":{"rendered":"<p>[et_pb_section fb_built=&#8221;1&#8243; fullwidth=&#8221;on&#8221; _builder_version=&#8221;3.19.3&#8243; background_image=&#8221;https:\/\/areyoucovidmune.com\/covidmune\/wp-content\/uploads\/2019\/11\/shutterstock_112250879.jpg&#8221; custom_padding=&#8221;0px|0px|0|0px|false|false&#8221;][et_pb_fullwidth_header title=&#8221;Are You CovidMune?&#x2122;&#8221; text_orientation=&#8221;center&#8221; _builder_version=&#8221;3.19.3&#8243; title_level=&#8221;h2&#8243; title_font=&#8221;|800|||on|||#e02b20|&#8221; title_text_color=&#8221;#ffffff&#8221; content_font=&#8221;|700|||||||&#8221; content_text_color=&#8221;#000000&#8243; subhead_font=&#8221;||||on|||#e02b20|&#8221; subhead_text_color=&#8221;#ffffff&#8221; subhead_font_size=&#8221;30px&#8221; background_image=&#8221;https:\/\/areyoucovidmune.com\/covidmune\/wp-content\/uploads\/2020\/04\/covid-19-dna.jpg&#8221; custom_button_one=&#8221;on&#8221; button_one_text_color=&#8221;#ffffff&#8221; button_one_border_color=&#8221;#e02b20&#8243; button_one_font=&#8221;|600|||||||&#8221; box_shadow_style_button_one=&#8221;preset2&#8243;][\/et_pb_fullwidth_header][\/et_pb_section][et_pb_section fb_built=&#8221;1&#8243; _builder_version=&#8221;3.19.3&#8243; custom_padding=&#8221;7px|0px|0|0px|false|false&#8221;][et_pb_row _builder_version=&#8221;3.19.3&#8243;][et_pb_column type=&#8221;4_4&#8243; _builder_version=&#8221;3.19.3&#8243; parallax=&#8221;off&#8221; parallax_method=&#8221;on&#8221;][et_pb_text _builder_version=&#8221;3.19.3&#8243;]<\/p>\n<h4 class=\"details\" align=\"center\"><\/h4>\n<h4 style=\"text-align: center;\"><span style=\"text-decoration: underline;\"><strong>Chloroquine and NLRP3<\/strong><\/span><\/h4>\n<p><a href=\"https:\/\/www.ncbi.nlm.nih.gov\/pubmed\/32088265\">Lysosomotropic drugs enhance pro-inflammatory responses to IL-1\u03b2 in macrophages by inhibiting internalization of the IL-1 receptor.<br \/><\/a>L\u00fcbow C, Bockstiegel J, Weindl G.<br \/>Biochem Pharmacol. 2020 Feb 20;175:113864. doi: 10.1016\/j.bcp.2020.113864. [Epub ahead of print]<\/p>\n<p><a href=\"https:\/\/www.ncbi.nlm.nih.gov\/pubmed\/32013669\">Influenza A virus protein PB1-F2 impairs innate immunity by inducing mitophagy.<br \/><\/a>Wang R, Zhu Y, Ren C, Yang S, Tian S, Chen H, Jin M, Zhou H.<br \/>Autophagy. 2020 Feb 11:1-16. doi: 10.1080\/15548627.2020.1725375. [Epub ahead of print]<\/p>\n<p><a href=\"https:\/\/www.ncbi.nlm.nih.gov\/pubmed\/31815636\">URB597 protects against\u00a0<strong>NLRP3<\/strong>\u00a0inflammasome activation by inhibiting autophagy dysfunction in a rat model of chronic cerebral hypoperfusion.<br \/><\/a>Su SH, Wu YF, Lin Q, Wang DP, Hai J.<br \/>J Neuroinflammation. 2019 Dec 9;16(1):260. doi: 10.1186\/s12974-019-1668-0.<\/p>\n<p><a href=\"https:\/\/www.ncbi.nlm.nih.gov\/pubmed\/31556748\">Prevention of crystalline silica-induced inflammation by the anti-malarial hydroxychloroquine.<br \/><\/a>Burmeister R, Rhoderick JF, Holian A.<br \/>Inhal Toxicol. 2019 Jun;31(7):274-284. doi: 10.1080\/08958378.2019.1668091. Epub 2019 Sep 26.<\/p>\n<p><a href=\"https:\/\/www.ncbi.nlm.nih.gov\/pubmed\/31542387\">Mitophagy protects against acetaminophen-induced acute liver injury in mice through inhibiting\u00a0<strong>NLRP3<\/strong>inflammasome activation.<br \/><\/a><span style=\"font-size: 14px;\">Shan S, Shen Z, Zhang C, Kou R, Xie K, Song F.<br \/><\/span><span style=\"font-size: 14px;\">Biochem Pharmacol. 2019 Nov;169:113643. doi: 10.1016\/j.bcp.2019.113643. Epub 2019 Sep 19.<\/span><\/p>\n<p><a href=\"https:\/\/www.ncbi.nlm.nih.gov\/pubmed\/31340160\">Andrographolide triggers autophagy-mediated inflammation inhibition and attenuates chronic unpredictable mild stress (CUMS)-induced depressive-like behavior in mice.<br \/><\/a><span style=\"font-size: 14px;\">Geng J, Liu J, Yuan X, Liu W, Guo W.<br \/><\/span><span style=\"font-size: 14px;\">Toxicol Appl Pharmacol. 2019 Sep 15;379:114688. doi: 10.1016\/j.taap.2019.114688. Epub 2019 Jul 21.<\/span><\/p>\n<p><a href=\"https:\/\/www.ncbi.nlm.nih.gov\/pubmed\/31244838\">Mammalian Target of Rapamycin (mTOR) and the Proteasome Attenuates IL-1\u03b2 Expression in Primary Mouse Cardiac Fibroblasts.<br \/><\/a><span style=\"font-size: 14px;\">Torp MK, Yang K, Ranheim T, Hus\u00f8 Lauritzen K, Alfsnes K, Vinge LE, Aukrust P, Stensl\u00f8kken KO, Yndestad A, Sandanger \u00d8.<br \/><\/span><span style=\"font-size: 14px;\">Front Immunol. 2019 Jun 6;10:1285. doi: 10.3389\/fimmu.2019.01285. eCollection 2019.<\/span><\/p>\n<p><a href=\"https:\/\/www.ncbi.nlm.nih.gov\/pubmed\/30966861\">Small molecule-driven\u00a0<strong>NLRP3<\/strong>\u00a0inflammation inhibition via interplay between ubiquitination and autophagy: implications for Parkinson disease.<br \/><\/a><span style=\"font-size: 14px;\">Han X, Sun S, Sun Y, Song Q, Zhu J, Song N, Chen M, Sun T, Xia M, Ding J, Lu M, Yao H, Hu G.<br \/><\/span><span style=\"font-size: 14px;\">Autophagy. 2019 Nov;15(11):1860-1881. doi: 10.1080\/15548627.2019.1596481. Epub 2019 Apr 9.<\/span><\/p>\n<p><a href=\"https:\/\/www.ncbi.nlm.nih.gov\/pubmed\/30591104\">[Trimetazidine reduces cholesterol content of foam cells by up-regulating autophagy and macrophage extracellular traps, and inhibiting inflammasome].<br \/><\/a><span style=\"font-size: 14px;\">Li Y, Hou W, Li T, Zhao J.<br \/><\/span><span style=\"font-size: 14px;\">Xi Bao Yu Fen Zi Mian Yi Xue Za Zhi. 2018 Nov;34(11):969-976. Chinese.\u00a0<\/span><\/p>\n<p><a href=\"https:\/\/www.ncbi.nlm.nih.gov\/pubmed\/30273598\">Protective Role of Autophagy in\u00a0<strong>Nlrp3<\/strong>\u00a0Inflammasome Activation and Medial Thickening of Mouse Coronary Arteries.<br \/><\/a><span style=\"font-size: 14px;\">Yuan X, Bhat OM, Meng N, Lohner H, Li PL.<br \/><\/span><span style=\"font-size: 14px;\">Am J Pathol. 2018 Dec;188(12):2948-2959. doi: 10.1016\/j.ajpath.2018.08.014. Epub 2018 Sep 29.<\/span><\/p>\n<p><a href=\"https:\/\/www.ncbi.nlm.nih.gov\/pubmed\/29500339\">Hydroxychloroquine attenuates renal ischemia\/reperfusion injury by inhibiting cathepsin mediated\u00a0<strong>NLRP3<\/strong>\u00a0inflammasome activation.<br \/><\/a><span style=\"font-size: 14px;\">Tang TT, Lv LL, Pan MM, Wen Y, Wang B, Li ZL, Wu M, Wang FM, Crowley SD, Liu BC.<br \/><\/span><span style=\"font-size: 14px;\">Cell Death Dis. 2018 Mar 2;9(3):351. doi: 10.1038\/s41419-018-0378-3.<\/span><\/p>\n<p><a href=\"https:\/\/www.ncbi.nlm.nih.gov\/pubmed\/28507328\">Pro-inflammatory Ca<sub>++<\/sub>-activated K<sub>+<\/sub>\u00a0channels are inhibited by hydroxychloroquine.<br \/><\/a><span style=\"font-size: 14px;\">Eugenia Schroeder M, Russo S, Costa C, Hori J, Tiscornia I, Bollati-Fogol\u00edn M, Zamboni DS, Ferreira G, Cairoli E, Hill M.<br \/><\/span><span style=\"font-size: 14px;\">Sci Rep. 2017 May 15;7(1):1892. doi: 10.1038\/s41598-017-01836-8.<\/span><\/p>\n<p><a href=\"https:\/\/www.ncbi.nlm.nih.gov\/pubmed\/28321151\">The Antimalarial\u00a0<strong>Chloroquine<\/strong>\u00a0Suppresses LPS-Induced\u00a0<strong>NLRP3<\/strong>\u00a0Inflammasome Activation and Confers Protection against Murine Endotoxic Shock.<br \/><\/a><span style=\"font-size: 14px;\">Chen X, Wang N, Zhu Y, Lu Y, Liu X, Zheng J.<br \/><\/span><span style=\"font-size: 14px;\">Mediators Inflamm. 2017;2017:6543237. doi: 10.1155\/2017\/6543237. Epub 2017 Feb 22.<\/span><\/p>\n<p><a href=\"https:\/\/www.ncbi.nlm.nih.gov\/pubmed\/26801583\">Silver Nanoparticle-Induced Autophagic-Lysosomal Disruption and\u00a0<strong>NLRP3<\/strong>-Inflammasome Activation in HepG2 Cells Is Size-Dependent.<br \/><\/a><span style=\"font-size: 14px;\">Mishra AR, Zheng J, Tang X, Goering PL.<br \/><\/span><span style=\"font-size: 14px;\">Toxicol Sci. 2016 Apr;150(2):473-87. doi: 10.1093\/toxsci\/kfw011. Epub 2016 Jan 21.<\/span><\/p>\n<p><a href=\"https:\/\/www.ncbi.nlm.nih.gov\/pubmed\/24864079\">Anti-inflammatory therapies for cardiovascular disease.<br \/><\/a><span style=\"font-size: 14px;\">Ridker PM, L\u00fcscher TF.<br \/><\/span><span style=\"font-size: 14px;\">Eur Heart J. 2014 Jul 14;35(27):1782-91. doi: 10.1093\/eurheartj\/ehu203. Epub 2014 May 26. Review.<\/span><\/p>\n<p><a href=\"https:\/\/www.ncbi.nlm.nih.gov\/pubmed\/21051542\">Sodium overload and water influx activate the NALP3 inflammasome.<br \/><\/a><span style=\"font-size: 14px;\">Schorn C, Frey B, Lauber K, Janko C, Strysio M, Keppeler H, Gaipl US, Voll RE, Springer E, Munoz LE, Schett G, Herrmann M.<br \/><\/span><span style=\"font-size: 14px;\">J Biol Chem. 2011 Jan 7;286(1):35-41. doi: 10.1074\/jbc.M110.139048. Epub 2010 Nov 4.<\/span><\/p>\n<p><a href=\"https:\/\/www.ncbi.nlm.nih.gov\/pubmed\/19001869\">SNP-guided microRNA maps (MirMaps) of 16 common human disorders identify a clinically accessible therapy reversing transcriptional aberrations of nuclear import and inflammasome pathways.<br \/><\/a><span style=\"font-size: 14px;\">Glinsky GV.<br \/><\/span><span style=\"font-size: 14px;\">Cell Cycle. 2008 Nov 15;7(22):3564-76. Epub 2008 Nov 26.<\/span><\/p>\n<p>&nbsp;<\/p>\n<p>[\/et_pb_text][\/et_pb_column][\/et_pb_row][\/et_pb_section]<\/p>\n","protected":false},"excerpt":{"rendered":"<p>[et_pb_section fb_built=&#8221;1&#8243; fullwidth=&#8221;on&#8221; _builder_version=&#8221;3.19.3&#8243; background_image=&#8221;https:\/\/areyoucovidmune.com\/covidmune\/wp-content\/uploads\/2019\/11\/shutterstock_112250879.jpg&#8221; custom_padding=&#8221;0px|0px|0|0px|false|false&#8221;][et_pb_fullwidth_header title=&#8221;Are You CovidMune?&#x2122;&#8221; text_orientation=&#8221;center&#8221; _builder_version=&#8221;3.19.3&#8243; title_level=&#8221;h2&#8243; title_font=&#8221;|800|||on|||#e02b20|&#8221; title_text_color=&#8221;#ffffff&#8221; content_font=&#8221;|700|||||||&#8221; content_text_color=&#8221;#000000&#8243; subhead_font=&#8221;||||on|||#e02b20|&#8221; subhead_text_color=&#8221;#ffffff&#8221; subhead_font_size=&#8221;30px&#8221; background_image=&#8221;https:\/\/areyoucovidmune.com\/covidmune\/wp-content\/uploads\/2020\/04\/covid-19-dna.jpg&#8221; custom_button_one=&#8221;on&#8221; button_one_text_color=&#8221;#ffffff&#8221; button_one_border_color=&#8221;#e02b20&#8243; button_one_font=&#8221;|600|||||||&#8221; box_shadow_style_button_one=&#8221;preset2&#8243;][\/et_pb_fullwidth_header][\/et_pb_section][et_pb_section fb_built=&#8221;1&#8243; _builder_version=&#8221;3.19.3&#8243; custom_padding=&#8221;7px|0px|0|0px|false|false&#8221;][et_pb_row _builder_version=&#8221;3.19.3&#8243;][et_pb_column type=&#8221;4_4&#8243; _builder_version=&#8221;3.19.3&#8243; parallax=&#8221;off&#8221; parallax_method=&#8221;on&#8221;][et_pb_text _builder_version=&#8221;3.19.3&#8243;] Chloroquine and NLRP3 Lysosomotropic drugs enhance pro-inflammatory responses to IL-1\u03b2 in macrophages by inhibiting internalization of the IL-1 receptor.L\u00fcbow C, Bockstiegel [&hellip;]<\/p>\n","protected":false},"author":1,"featured_media":0,"parent":0,"menu_order":0,"comment_status":"closed","ping_status":"closed","template":"","meta":{"_et_pb_use_builder":"on","_et_pb_old_content":""},"_links":{"self":[{"href":"https:\/\/areyoucovidmune.com\/covidmune\/wp-json\/wp\/v2\/pages\/1060"}],"collection":[{"href":"https:\/\/areyoucovidmune.com\/covidmune\/wp-json\/wp\/v2\/pages"}],"about":[{"href":"https:\/\/areyoucovidmune.com\/covidmune\/wp-json\/wp\/v2\/types\/page"}],"author":[{"embeddable":true,"href":"https:\/\/areyoucovidmune.com\/covidmune\/wp-json\/wp\/v2\/users\/1"}],"replies":[{"embeddable":true,"href":"https:\/\/areyoucovidmune.com\/covidmune\/wp-json\/wp\/v2\/comments?post=1060"}],"version-history":[{"count":3,"href":"https:\/\/areyoucovidmune.com\/covidmune\/wp-json\/wp\/v2\/pages\/1060\/revisions"}],"predecessor-version":[{"id":1064,"href":"https:\/\/areyoucovidmune.com\/covidmune\/wp-json\/wp\/v2\/pages\/1060\/revisions\/1064"}],"wp:attachment":[{"href":"https:\/\/areyoucovidmune.com\/covidmune\/wp-json\/wp\/v2\/media?parent=1060"}],"curies":[{"name":"wp","href":"https:\/\/api.w.org\/{rel}","templated":true}]}}